{"id":132,"date":"2023-04-17T15:54:26","date_gmt":"2023-04-17T13:54:26","guid":{"rendered":"https:\/\/www.isfitaly.com\/?page_id=132"},"modified":"2023-08-07T17:25:47","modified_gmt":"2023-08-07T15:25:47","slug":"informativa-sulla-privacy","status":"publish","type":"page","link":"https:\/\/isfitaly.com\/index.php\/informativa-sulla-privacy\/","title":{"rendered":"Informativa sulla Privacy"},"content":{"rendered":"\n<div style=\"height:100px\" aria-hidden=\"true\" class=\"wp-block-spacer\"><\/div>\n\n\n\n<p><\/p>\n\n\n\n<p>Grazie per dedicare qualche minuto alla consultazione di questa sezione del nostro sito Web.<br>La tua privacy \u00e8 molto importante per ISF Italy e per tutelarla al meglio, ti forniamo queste note in cui troverai indicazioni sul tipo di informazioni raccolte online e sulle varie possibilit\u00e0 che hai di intervenire nella raccolta e nell\u2019utilizzo di tali informazioni nel sito.<\/p>\n\n\n\n<p>Si tratta di un\u2019informativa che \u00e8 resa anche ai sensi dell\u2019art.13 del D.Lgs. n\u00b0 196\/2003 del Codice in materia di protezione dei dati personali a coloro che interagiscono con i servizi Web ISF Italy, accessibili per via telematica a partire dall\u2019indirizzo: https:\/\/isfitaly.com\/ corrispondente alla pagina iniziale del sito ufficiale di ISF Italy .<\/p>\n\n\n\n<p>L\u2019informativa \u00e8 resa solo per il sito https:\/\/isfitaly.com\/ di propriet\u00e0 di ISF Italy e non anche per altri siti Web eventualmente consultati dall\u2019utente tramite link.<\/p>\n\n\n\n<p>L\u2019informativa si ispira anche alla Raccomandazione n. 2\/2001 che le autorit\u00e0 europee per la protezione dei dati personali, riunite nel Gruppo istituito dall\u2019art.29 della Direttiva Europea N\u00b0 95\/46\/CE, hanno adottato il 17 maggio 2001 per individuare alcuni requisiti minimi per la raccolta di dati personali on-line, e, in particolare, le modalit\u00e0 , i tempi e la natura delle informazioni che i titolari del trattamento devono fornire agli utenti quando questi si collegano a pagine web, indipendentemente dagli scopi del collegamento.<\/p>\n\n\n\n<h2 class=\"wp-block-heading\">Il Titolare del Trattamento<\/h2>\n\n\n\n<p><br>A seguito della consultazione di questo sito possono essere trattati dati relativi a persone identificate o identificabili. Il titolare del trattamento dei dati \u00e8 ISF Italy con sede in Ponte Paleocapa 16126 Genova Italy. Il responsabile del trattamento \u00e8 ISF Italy domiciliata per lo svolgimento dell\u2019incarico presso la sede di Ponte Paleocapa 16126 Genova Italia.<\/p>\n\n\n\n<h2 class=\"wp-block-heading\">Luogo di Trattamento dei Dati<\/h2>\n\n\n\n<p><br>I trattamenti connessi ai servizi Web di questo sito hanno luogo presso la predetta sede di ISF Italy e sono curati solo da personale tecnico incaricato del trattamento, oppure da eventuali incaricati di occasionali operazioni di manutenzione. Nessun dato derivante dal servizio web viene comunicato o diffuso. I dati personali forniti dagli utenti che inoltrano richieste di invio di materiale informativo (quali newsletter, ecc) sono utilizzati al solo fine di eseguire il servizio o la prestazione richiesta.<\/p>\n\n\n\n<h2 class=\"wp-block-heading\">Tipi di Dati Trattati<\/h2>\n\n\n\n<h2 class=\"wp-block-heading\"><br>Dati di navigazione<\/h2>\n\n\n\n<p>I sistemi informatici e le procedure software preposte al funzionamento di questo sito Web acquisiscono, nel corso del loro normale esercizio, alcuni dati personali la cui trasmissione \u00e8 implicita nell\u2019uso dei protocolli di comunicazione di Internet.<br>Si tratta di informazioni che non sono raccolte per essere associate a interessati identificati, ma che per loro stessa natura potrebbero, attraverso elaborazioni ed associazioni con dati detenuti da terzi, permettere di identificare gli utenti. In questa categoria di dati rientrano gli indirizzi IP o i nomi a dominio dei computer utilizzati dagli utenti che si connettono al sito, gli indirizzi in notazione URI (Uniform Resource Identifier) delle risorse richieste, l\u2019orario della richiesta, il metodo utilizzato nel sottoporre la richiesta al server, la dimensione del file ottenuto in risposta, il codice numerico indicante lo stato della risposta data dal server (buon fine, errore, ecc.) ed altri parametri relativi al sistema operativo e all\u2019ambiente informatico dell\u2019utente.<br>Questi dati vengono utilizzati al solo fine di ricavare informazioni statistiche anonime sull\u2019uso del sito e per controllarne il corretto funzionamento. I dati potrebbero essere utilizzati per l\u2019accertamento di responsabilit\u00e0 in caso di ipotetici reati informatici ai danni del sito solo su richiesta degli organi di vigilanza preposti.<\/p>\n\n\n\n<p>Dati forniti volontariamente dall\u2019utente<br>L\u2019invio facoltativo, esplicito e volontario di posta elettronica agli indirizzi indicati su questo sito comporta la successiva acquisizione dell\u2019indirizzo del mittente, necessario per rispondere alle richieste, nonch\u00e9 degli eventuali altri dati personali inseriti nella missiva.<\/p>\n\n\n\n<h2 class=\"wp-block-heading\">Cookies<\/h2>\n\n\n\n<p>Nessun dato personale degli utenti viene in proposito acquisito dal sito. Non viene fatto uso di cookies per la trasmissione di informazioni di carattere personale, n\u00e9 vengono utilizzati c.d. cookies persistenti di alcun tipo, ovvero sistemi per il tracciamento degli utenti. L\u2019uso di c.d. cookies di sessione (che non vengono memorizzati in modo persistente sul computer dell\u2019utente e svaniscono con la chiusura del browser) \u00e8 strettamente limitato alla trasmissione di identificativi di sessione (costituiti da numeri casuali generati dal server) necessari per consentire l\u2019esplorazione sicura ed efficiente del sito. I c.d. cookies di sessione utilizzati in questo sito evitano il ricorso ad altre tecniche informatiche potenzialmente pregiudizievoli per la riservatezza della navigazione degli utenti e non consentono l\u2019acquisizione di dati personali identificativi dell\u2019utente.<\/p>\n\n\n\n<h2 class=\"wp-block-heading\">Facoltativit\u00e0 del conferimento dei Dati<\/h2>\n\n\n\n<p>A parte quanto specificato per i dati di navigazione, l\u2019utente \u00e8 libero di fornire i dati personali riportati nei moduli di richiesta a ISF Italy o comunque indicati in contatti per sollecitare l\u2019invio di materiale informativo o di altre comunicazioni. Il loro mancato conferimento pu\u00f2 comportare l\u2019impossibilit\u00e0 di ottenere quanto richiesto.<\/p>\n\n\n\n<h2 class=\"wp-block-heading\">Parte Riservata per i Minorenni<\/h2>\n\n\n\n<p>Nessuna persona di et\u00e0 inferiore ai 18 anni, senza previo consenso dei genitori o di chi ne fa le veci, potr\u00e0 inviare informazioni a questo sito Web, ne tantomeno potr\u00e0 fare acquisti o perfezionare atti legali presso questo sito senza il suddetto consenso, a meno che ci\u00f2 non sia consentito dalle norme in vigore.<\/p>\n\n\n\n<h2 class=\"wp-block-heading\">Modalit\u00e0 del Trattamento<\/h2>\n\n\n\n<p>I dati personali sono trattati con strumenti automatizzati per il tempo strettamente necessario a conseguire gli scopi per cui sono stati raccolti. Specifiche misure di sicurezza sono osservate per prevenire la perdita dei dati, usi illeciti o non corretti ed accessi non autorizzati.<\/p>\n\n\n\n<h2 class=\"wp-block-heading\">Diritti degli Interessati<\/h2>\n\n\n\n<p>I soggetti cui si riferiscono i dati personali hanno il diritto in qualunque momento di ottenere la conferma dell\u2019esistenza o meno dei medesimi dati e di conoscerne il contenuto e l\u2019origine, verificarne l\u2019esattezza o chiederne l\u2019integrazione o l\u2019aggiornamento, oppure la rettifica (art.7 del D.Lgs. n\u00b0 196\/2003). Ai sensi del medesimo articolo si ha il diritto di chiedere la cancellazione, la trasformazione in forma anonima o il blocco dei dati trattati in violazione di legge, nonch\u00e9 di opporsi in ogni caso, per motivi legittimi, al loro trattamento. Chiunque dovesse avere dubbi riguardanti il rispetto della politica per la tutela della privacy adottata da ISF Italy, la sua applicazione, l\u2019accuratezza dei tuoi dati personali o l\u2019utilizzo delle informazioni raccolte pu\u00f2 contattarci tramite e-mail all\u2019indirizzo&nbsp;<a href=\"mailto:administration@isfitaly.com\">administration@isfitaly.com<\/a><em>&nbsp;<\/em>.<\/p>\n\n\n\n<div style=\"height:61px\" aria-hidden=\"true\" class=\"wp-block-spacer\"><\/div>\n\n\n\n<p><a href=\"https:\/\/isfitaly.com\/index.php\/informativa-sulla-privacy\/informativa-privacy-estesa-videosorveglianza\/\" data-type=\"page\" data-id=\"191\">Informativa Privacy Estesa: Videosorveglianza<\/a><\/p>\n","protected":false},"excerpt":{"rendered":"<p>Grazie per dedicare qualche minuto alla consultazione di questa sezione del nostro sito Web.La tua privacy \u00e8 molto importante per ISF Italy e per tutelarla al<span class=\"excerpt-hellip\"> [\u2026]<\/span><\/p>\n","protected":false},"author":1,"featured_media":0,"parent":0,"menu_order":0,"comment_status":"closed","ping_status":"closed","template":"","meta":{"footnotes":""},"class_list":["post-132","page","type-page","status-publish","hentry"],"_links":{"self":[{"href":"https:\/\/isfitaly.com\/index.php\/wp-json\/wp\/v2\/pages\/132","targetHints":{"allow":["GET"]}}],"collection":[{"href":"https:\/\/isfitaly.com\/index.php\/wp-json\/wp\/v2\/pages"}],"about":[{"href":"https:\/\/isfitaly.com\/index.php\/wp-json\/wp\/v2\/types\/page"}],"author":[{"embeddable":true,"href":"https:\/\/isfitaly.com\/index.php\/wp-json\/wp\/v2\/users\/1"}],"replies":[{"embeddable":true,"href":"https:\/\/isfitaly.com\/index.php\/wp-json\/wp\/v2\/comments?post=132"}],"version-history":[{"count":7,"href":"https:\/\/isfitaly.com\/index.php\/wp-json\/wp\/v2\/pages\/132\/revisions"}],"predecessor-version":[{"id":208,"href":"https:\/\/isfitaly.com\/index.php\/wp-json\/wp\/v2\/pages\/132\/revisions\/208"}],"wp:attachment":[{"href":"https:\/\/isfitaly.com\/index.php\/wp-json\/wp\/v2\/media?parent=132"}],"curies":[{"name":"wp","href":"https:\/\/api.w.org\/{rel}","templated":true}]}}