{"id":191,"date":"2023-08-07T16:48:53","date_gmt":"2023-08-07T14:48:53","guid":{"rendered":"https:\/\/www.isfitaly.com\/?page_id=191"},"modified":"2023-08-07T15:23:19","modified_gmt":"2023-08-07T15:23:19","slug":"informativa-privacy-estesa-videosorveglianza","status":"publish","type":"page","link":"https:\/\/isfitaly.com\/index.php\/informativa-sulla-privacy\/informativa-privacy-estesa-videosorveglianza\/","title":{"rendered":"Informativa Privacy Estesa: Videosorveglianza"},"content":{"rendered":"\n<p><\/p>\n\n\n\n<h2 class=\"wp-block-heading has-text-align-center\"><strong>INFORMATIVA PRIVACY<\/strong><\/h2>\n\n\n\n<p class=\"has-text-align-center\"><em>(ex art. 13 GDPR 2016\/679)<\/em><\/p>\n\n\n\n<h3 class=\"wp-block-heading has-text-align-center\"><strong>TRATTAMENTO: VIDEOSORVEGLIANZA<\/strong><\/h3>\n\n\n\n<div style=\"height:100px\" aria-hidden=\"true\" class=\"wp-block-spacer\"><\/div>\n\n\n\n<p>Gentile Interessato,<\/p>\n\n\n\n<p>Allo scopo di aumentare la sicurezza in Azienda, questa ha deciso di installare un impianto di Videosorveglianza.<\/p>\n\n\n\n<p>La ripresa e l&#8217;eventuale registrazione delle immagini degli accessi all\u2019Azienda vengono effettuati esclusivamente ai fini della sicurezza.<\/p>\n\n\n\n<p>Si rendono inoltre necessarie ai fini della sorveglianza circa l\u2019ipotetico ingresso di intrusi non autorizzati nelle aree dell\u2019Azienda.<\/p>\n\n\n\n<p>Il trattamento dei dati acquisiti tramite l&#8217;impianto di videosorveglianza \u00e8 fondato sui presupposti di necessit\u00e0, liceit\u00e0, proporzionalit\u00e0 per le finalit\u00e0 di seguito descritte.<\/p>\n\n\n\n<p>L&#8217;impianto di videosorveglianza non potr\u00e0 essere utilizzato per esercitare il controllo a distanza dei lavoratori, cos\u00ec come espressamente vietato dall&#8217;art. 4.1. della legge n. 300\/70.<\/p>\n\n\n\n<p>Le misure sopra indicate comportano un Trattamento dei Dati personali e per tale motivo <strong>Il Titolare del Trattamento <\/strong>si \u00e8 dotato di una informativa ai sensi dell\u2019Art. 13 del GDPR specifica per il trattamento dei dati personali relativi alla Videosorveglianza.<\/p>\n\n\n\n<p>In ottemperanza al Decreto-Legge 81\/2008, e pi\u00f9 specificatamente dall&#8217;art. 4.2. della legge n. 300\/70 \u00e8 stata presentata la Relazione all\u2019<strong>Ispettorato Del Lavoro <\/strong>e ottenuta l\u2019autorizzazione, pratica n. <strong>248\/2023<\/strong>.<\/p>\n\n\n\n<p>La visione delle immagini \u00e8 riservata esclusivamente al Legale Rappresentante e all\u2019Addetto al Trattamento regolarmente autorizzato con atto formale, oltre che alle autorit\u00e0 competenti su specifica richiesta del magistrato.<\/p>\n\n\n\n<h3 class=\"wp-block-heading\">Titolare del Trattamento<\/h3>\n\n\n\n<p>Il Titolare del Trattamento dei suoi dati personali \u00e8 <strong>Intercontinental Specialty Fats Italy S.r.l.<\/strong>,, responsabile nei suoi confronti del legittimo e corretto uso dei suoi dati personali e che potr\u00e0 contattare per qualsiasi informazione o richiesta ai seguenti recapiti:<\/p>\n\n\n\n<h4 class=\"wp-block-heading\"><strong>Intercontinental Specialty Fats Italy S.r.l.<\/strong><\/h4>\n\n\n\n<p>Sede: <strong>Ponte Paleocapa, snc &#8211; 16126 Genova Porto, Italy IT<\/strong><\/p>\n\n\n\n<p>Contatti e recapiti:<\/p>\n\n\n\n<figure class=\"wp-block-table\"><table><tbody><tr><td>Telefono<\/td><td>010 0951652<\/td><\/tr><tr><td>E-mail<\/td><td>privacy@isfitaly.com<\/td><\/tr><\/tbody><\/table><\/figure>\n\n\n\n<h3 class=\"wp-block-heading\">Responsabile della Protezione Dei Dati (DPO)<\/h3>\n\n\n\n<p>Potr\u00e0 inoltre rivolgersi al Responsabile della Protezione dei Dati per avere informazioni e inoltrare richieste circa i suoi dati o per segnalare disservizi o qualsiasi problema eventualmente riscontrato. Il Titolare del Trattamento <strong>Intercontinental Specialty Fats Italy S.r.l.<\/strong>, ha nominato Responsabile della Protezione dei Dati: <strong>Privacy+ di Antonino Gatto &amp; C. S.a.s. <\/strong>nella persona fisica di <strong>Gatto Antonino <\/strong>che potr\u00e0 contattare ai seguenti recapiti:<\/p>\n\n\n\n<h4 class=\"wp-block-heading\">Gatto Antonino<\/h4>\n\n\n\n<p>Sede: <strong>Via A. Manuzio, 3\/21 &#8211; 16143 Genova, IT<\/strong><\/p>\n\n\n\n<p>Contatti e recapiti:<\/p>\n\n\n\n<figure class=\"wp-block-table\"><table><tbody><tr><td>Cellulare<\/td><td>335 6402036<\/td><\/tr><tr><td>E-mail<\/td><td>privacy@isfitaly.com<\/td><\/tr><\/tbody><\/table><\/figure>\n\n\n\n<h3 class=\"wp-block-heading\">Finalit\u00e0 del Trattamento<\/h3>\n\n\n\n<p>I suoi dati personali sono raccolti e trattati per le finalit\u00e0 riportate di seguito insieme alla base giuridica di riferimento:<\/p>\n\n\n\n<figure class=\"wp-block-table\"><table><tbody><tr><td class=\"has-text-align-center\" data-align=\"center\"><strong>Finalit\u00e0<\/strong><\/td><td class=\"has-text-align-center\" data-align=\"center\"><strong>Dati trattati<\/strong><\/td><td class=\"has-text-align-center\" data-align=\"center\"><strong>Base Giuridica<\/strong><\/td><\/tr><tr><td class=\"has-text-align-center\" data-align=\"center\">Sicurezza e Tutela del patrimonio aziendale<\/td><td class=\"has-text-align-center\" data-align=\"center\">Immagini; Videoregistrazioni<\/td><td class=\"has-text-align-center\" data-align=\"center\">Il trattamento \u00e8 necessario per il perseguimento del legittimo interesse del titolare del trattamento o di terzi &#8211; Norma Unione Europea (Rif. art. 6. 1. f) Regolamento EU 2016\/679 GDPR)<\/td><\/tr><\/tbody><\/table><\/figure>\n\n\n\n<p>Le immagini della Telecamere non vengono registrate,<\/p>\n\n\n\n<h3 class=\"wp-block-heading\">Destinatari<\/h3>\n\n\n\n<p>I suoi dati non saranno oggetto di trasferimento, se non dopo specifica richieste da parte di Organi di Polizia<\/p>\n\n\n\n<h3 class=\"wp-block-heading\">Durata del Trattamento<\/h3>\n\n\n\n<p>Il trattamento sar\u00e0 esclusivamente in Real-Time<\/p>\n\n\n\n<h3 class=\"wp-block-heading\">Diritti dell&#8217;Interessato<\/h3>\n\n\n\n<p>Oltre all\u2019informazioni sopra riportate, per garantirle un trattamento dei suoi dati il pi\u00f9 corretto e trasparente possibile, deve essere a conoscenza del fatto che:<\/p>\n\n\n\n<ul class=\"wp-block-list\">\n<li>ha il diritto di chiedere al titolare del trattamento quanto previsto dall\u2019Art. 15 Regolamento EU 2016\/679 (GDPR) relativo all&#8217;accesso al trattamento dei dati personali, facendone richiesta all\u2019addetto al Trattamento Regolarmente nominato con atto formale ex Art. 29.<\/li>\n\n\n\n<li>Trattandosi di riprese in Real-Time, non \u00e8 in concreto esercitabile il diritto di rettifica e integrazione in considerazione della natura intrinseca dei dati trattati. <br>In ogni caso lei ha sempre diritto di proporre reclamo al Garante per la Protezione dei Dati Personali, ai sensi dell&#8217;art. 77 del Regolamento, qualora ritenga che il trattamento dei suoi dati sia contrario alla normativa in vigore.<\/li>\n<\/ul>\n\n\n\n<div style=\"height:100px\" aria-hidden=\"true\" class=\"wp-block-spacer\"><\/div>\n\n\n\n<p>Rev.1 del 03\/08\/2023<\/p>\n","protected":false},"excerpt":{"rendered":"<p>INFORMATIVA PRIVACY (ex art. 13 GDPR 2016\/679) TRATTAMENTO: VIDEOSORVEGLIANZA Gentile Interessato, Allo scopo di aumentare la sicurezza in Azienda, questa ha deciso di installare un impianto<span class=\"excerpt-hellip\"> [\u2026]<\/span><\/p>\n","protected":false},"author":1,"featured_media":0,"parent":132,"menu_order":0,"comment_status":"closed","ping_status":"closed","template":"","meta":{"footnotes":""},"class_list":["post-191","page","type-page","status-publish","hentry"],"_links":{"self":[{"href":"https:\/\/isfitaly.com\/index.php\/wp-json\/wp\/v2\/pages\/191","targetHints":{"allow":["GET"]}}],"collection":[{"href":"https:\/\/isfitaly.com\/index.php\/wp-json\/wp\/v2\/pages"}],"about":[{"href":"https:\/\/isfitaly.com\/index.php\/wp-json\/wp\/v2\/types\/page"}],"author":[{"embeddable":true,"href":"https:\/\/isfitaly.com\/index.php\/wp-json\/wp\/v2\/users\/1"}],"replies":[{"embeddable":true,"href":"https:\/\/isfitaly.com\/index.php\/wp-json\/wp\/v2\/comments?post=191"}],"version-history":[{"count":13,"href":"https:\/\/isfitaly.com\/index.php\/wp-json\/wp\/v2\/pages\/191\/revisions"}],"predecessor-version":[{"id":205,"href":"https:\/\/isfitaly.com\/index.php\/wp-json\/wp\/v2\/pages\/191\/revisions\/205"}],"up":[{"embeddable":true,"href":"https:\/\/isfitaly.com\/index.php\/wp-json\/wp\/v2\/pages\/132"}],"wp:attachment":[{"href":"https:\/\/isfitaly.com\/index.php\/wp-json\/wp\/v2\/media?parent=191"}],"curies":[{"name":"wp","href":"https:\/\/api.w.org\/{rel}","templated":true}]}}